{"id":27,"date":"2016-06-15T11:43:40","date_gmt":"2016-06-15T11:43:40","guid":{"rendered":"http:\/\/iacui.uach.cl\/wp\/?page_id=27"},"modified":"2022-11-22T18:55:47","modified_gmt":"2022-11-22T18:55:47","slug":"enlaces","status":"publish","type":"page","link":"https:\/\/iacui.uach.cl\/?page_id=27","title":{"rendered":"Enlaces"},"content":{"rendered":"<ul>\n<li><a href=\"http:\/\/www.uach.cl\/\" target=\"_blank\">Universidad Austral de Chile<\/a><\/li>\n<li><a href=\"http:\/\/www.pmontt.uach.cl\/\" target=\"_blank\">Universidad Austral de Chile Sede Puerto Montt<\/a><\/li>\n<li><a href=\"http:\/\/doctoradoacuicultura.uach.cl\/\" target=\"_blank\">Doctorado en Ciencias de la Acuicultura<\/a><\/li>\n<li><a href=\"http:\/\/maba.uach.cl\/\" target=\"_blank\">Mag\u00edster en Medio Ambiente y Bioseguridad en Acuicultura<\/a><\/li>\n<li><a href=\"http:\/\/mna.uach.cl\/\" target=\"_blank\">Mag\u00edster en Nutrici\u00f3n Acu\u00edcola<\/a><\/li>\n<li><a href=\"http:\/\/dipras.uach.cl\/\">Diplomado en Recirculaci\u00f3n para la Acuicultura<\/a><\/li>\n<li><a href=\"http:\/\/iambientalpm.uach.cl\/\">Ingenier\u00eda Ambiental<\/a><\/li>\n<\/ul>\n","protected":false},"excerpt":{"rendered":"<p>Universidad Austral de Chile Universidad Austral de Chile Sede Puerto Montt Doctorado en Ciencias de la Acuicultura Mag\u00edster en Medio Ambiente y Bioseguridad en Acuicultura Mag\u00edster en Nutrici\u00f3n Acu\u00edcola Diplomado en Recirculaci\u00f3n para la Acuicultura Ingenier\u00eda Ambiental<\/p>\n","protected":false},"author":1,"featured_media":0,"parent":9,"menu_order":0,"comment_status":"open","ping_status":"open","template":"","meta":{"ngg_post_thumbnail":0,"footnotes":""},"class_list":["post-27","page","type-page","status-publish","hentry"],"_links":{"self":[{"href":"https:\/\/iacui.uach.cl\/index.php?rest_route=\/wp\/v2\/pages\/27"}],"collection":[{"href":"https:\/\/iacui.uach.cl\/index.php?rest_route=\/wp\/v2\/pages"}],"about":[{"href":"https:\/\/iacui.uach.cl\/index.php?rest_route=\/wp\/v2\/types\/page"}],"author":[{"embeddable":true,"href":"https:\/\/iacui.uach.cl\/index.php?rest_route=\/wp\/v2\/users\/1"}],"replies":[{"embeddable":true,"href":"https:\/\/iacui.uach.cl\/index.php?rest_route=%2Fwp%2Fv2%2Fcomments&post=27"}],"version-history":[{"count":9,"href":"https:\/\/iacui.uach.cl\/index.php?rest_route=\/wp\/v2\/pages\/27\/revisions"}],"predecessor-version":[{"id":1667,"href":"https:\/\/iacui.uach.cl\/index.php?rest_route=\/wp\/v2\/pages\/27\/revisions\/1667"}],"up":[{"embeddable":true,"href":"https:\/\/iacui.uach.cl\/index.php?rest_route=\/wp\/v2\/pages\/9"}],"wp:attachment":[{"href":"https:\/\/iacui.uach.cl\/index.php?rest_route=%2Fwp%2Fv2%2Fmedia&parent=27"}],"curies":[{"name":"wp","href":"https:\/\/api.w.org\/{rel}","templated":true}]}}