{"id":282,"date":"2016-08-04T17:47:32","date_gmt":"2016-08-04T17:47:32","guid":{"rendered":"http:\/\/iacui.uach.cl\/?page_id=282"},"modified":"2022-11-22T22:01:04","modified_gmt":"2022-11-22T22:01:04","slug":"laboratorio-genuach","status":"publish","type":"page","link":"https:\/\/iacui.uach.cl\/?page_id=282","title":{"rendered":"Laboratorio GENUACh"},"content":{"rendered":"<h3>Laboratorio de Gen\u00e9tica Molecular&nbsp;<\/h3>\n<h3><img loading=\"lazy\" decoding=\"async\" class=\"alignnone wp-image-806 size-full\" src=\"https:\/\/iacui.uach.cl\/wp-content\/uploads\/2016\/08\/genuach-1.jpg\" width=\"540\" height=\"360\" srcset=\"https:\/\/iacui.uach.cl\/wp-content\/uploads\/2016\/08\/genuach-1.jpg 540w, https:\/\/iacui.uach.cl\/wp-content\/uploads\/2016\/08\/genuach-1-60x40.jpg 60w, https:\/\/iacui.uach.cl\/wp-content\/uploads\/2016\/08\/genuach-1-130x87.jpg 130w\" sizes=\"(max-width: 540px) 100vw, 540px\" \/><\/h3>\n<p style=\"text-align: justify;\">El Laboratorio de Gen\u00e9tica Molecular nace el a\u00f1o 2005 gracias a un proyecto Fondecyt y un proyecto Fondef que permiten apoyar su implementaci\u00f3n.<\/p>\n<p style=\"text-align: justify;\">El Laboratorio GENUACh es dirigido por la Dra. Marcela Astorga y en el se desarrolla investigaci\u00f3n asociada a proyectos como Fondecyt, Fondef, FIC regionales, Innova Corfo entre otros, para resolver problem\u00e1ticas de gen\u00e9tica de organismos marinos con \u00e9nfasis en poblaciones de moluscos ya sean bancos naturales para pesquer\u00eda o de cultivo para apoyar la acuicultura.&nbsp;<\/p>\n<p style=\"text-align: justify;\">&nbsp;<\/p>\n<p style=\"text-align: justify;\"><strong>&#8211; Objetivos<\/strong><\/p>\n<p style=\"text-align: justify;\">Este laboratorio tiene por objetivo desarrollar investigaci\u00f3n cient\u00edfica en el \u00e1rea de la gen\u00e9tica de poblaciones marinas.<\/p>\n<p style=\"text-align: justify;\">El desarrollo de esta investigaci\u00f3n va enfocada a entender el comportamiento o din\u00e1mica de los bancos naturales de recursos bent\u00f3nicos como moluscos, distribuidos en bancos naturales, esto se realiza en mit\u00edlidos, los cuales sustentan la mitilicultura o en almejas que sustentan la pesquer\u00eda.<\/p>\n<p style=\"text-align: justify;\">A su vez, es capaz de prestar servicios en procesos de identificaci\u00f3n larval de mit\u00edlidos o identificaci\u00f3n de especies, para fines de trazabilidad o denominaci\u00f3n de origen.<\/p>\n<p style=\"text-align: justify;\">&nbsp;<\/p>\n<p style=\"text-align: justify;\"><strong>&#8211; Equipamiento<\/strong><\/p>\n<ul>\n<li style=\"text-align: justify;\">Termoclicadores en gradiente.<\/li>\n<li style=\"text-align: justify;\">Centrifuga refrigerada.<\/li>\n<li style=\"text-align: justify;\">Campana de extracci\u00f3n de gases.<\/li>\n<li style=\"text-align: justify;\">Sistema de fotodocumentacion de electroforesis.<\/li>\n<li style=\"text-align: justify;\">Analisis Extraccion de DNA, Amplificaci\u00f3n por PCR, electroforesis, purificaci\u00f3n de DNA.<\/li>\n<\/ul>\n","protected":false},"excerpt":{"rendered":"<p>Laboratorio de Gen\u00e9tica Molecular&nbsp; El Laboratorio de Gen\u00e9tica Molecular nace el a\u00f1o 2005 gracias a un proyecto Fondecyt y un proyecto Fondef que permiten apoyar su implementaci\u00f3n. El Laboratorio GENUACh es dirigido por la Dra. Marcela Astorga y en el &hellip; <a href=\"https:\/\/iacui.uach.cl\/?page_id=282\">Continue reading <span class=\"meta-nav\">&rarr;<\/span><\/a><\/p>\n","protected":false},"author":1,"featured_media":0,"parent":19,"menu_order":0,"comment_status":"closed","ping_status":"closed","template":"","meta":{"ngg_post_thumbnail":0,"footnotes":""},"class_list":["post-282","page","type-page","status-publish","hentry"],"_links":{"self":[{"href":"https:\/\/iacui.uach.cl\/index.php?rest_route=\/wp\/v2\/pages\/282"}],"collection":[{"href":"https:\/\/iacui.uach.cl\/index.php?rest_route=\/wp\/v2\/pages"}],"about":[{"href":"https:\/\/iacui.uach.cl\/index.php?rest_route=\/wp\/v2\/types\/page"}],"author":[{"embeddable":true,"href":"https:\/\/iacui.uach.cl\/index.php?rest_route=\/wp\/v2\/users\/1"}],"replies":[{"embeddable":true,"href":"https:\/\/iacui.uach.cl\/index.php?rest_route=%2Fwp%2Fv2%2Fcomments&post=282"}],"version-history":[{"count":16,"href":"https:\/\/iacui.uach.cl\/index.php?rest_route=\/wp\/v2\/pages\/282\/revisions"}],"predecessor-version":[{"id":1669,"href":"https:\/\/iacui.uach.cl\/index.php?rest_route=\/wp\/v2\/pages\/282\/revisions\/1669"}],"up":[{"embeddable":true,"href":"https:\/\/iacui.uach.cl\/index.php?rest_route=\/wp\/v2\/pages\/19"}],"wp:attachment":[{"href":"https:\/\/iacui.uach.cl\/index.php?rest_route=%2Fwp%2Fv2%2Fmedia&parent=282"}],"curies":[{"name":"wp","href":"https:\/\/api.w.org\/{rel}","templated":true}]}}