{"id":39,"date":"2016-06-15T11:47:27","date_gmt":"2016-06-15T11:47:27","guid":{"rendered":"http:\/\/iacui.uach.cl\/wp\/?page_id=39"},"modified":"2022-11-23T00:42:08","modified_gmt":"2022-11-23T00:42:08","slug":"postgrado","status":"publish","type":"page","link":"https:\/\/iacui.uach.cl\/?page_id=39","title":{"rendered":"Postgrado"},"content":{"rendered":"<p><img loading=\"lazy\" decoding=\"async\" class=\"alignnone wp-image-506 size-full\" src=\"https:\/\/iacui.uach.cl\/wp-content\/uploads\/2017\/03\/banners-10.jpg\" width=\"1011\" height=\"351\" srcset=\"https:\/\/iacui.uach.cl\/wp-content\/uploads\/2017\/03\/banners-10.jpg 1011w, https:\/\/iacui.uach.cl\/wp-content\/uploads\/2017\/03\/banners-10-60x21.jpg 60w, https:\/\/iacui.uach.cl\/wp-content\/uploads\/2017\/03\/banners-10-190x66.jpg 190w, https:\/\/iacui.uach.cl\/wp-content\/uploads\/2017\/03\/banners-10-768x267.jpg 768w\" sizes=\"(max-width: 1011px) 100vw, 1011px\" \/><\/p>\n<script type=\"text\/javascript\"> jQuery(document).ready(function() { jQuery(\"#ffs-tabbed-1\").easyResponsiveTabs({     type: \t\"accordion\",     width:  \"100%\",     fit: \t false}); var cont_width = jQuery(\"#ffs-tabbed-1.resp-vtabs\").outerWidth() - jQuery(\"#ffs-tabbed-1.resp-vtabs .resp-tabs-list\").outerWidth() - 3;jQuery(\"#ffs-tabbed-1.resp-vtabs .resp-tabs-container\").css({\"width\":cont_width});}); <\/script><style type=\"text\/css\">\n#ffs-tabbed-1 li.resp-tab-active,\n#ffs-tabbed-1.resp-tabs-list li:hover{border-top-color:#71AFFF; border-bottom-color:#71AFFF;}\n#ffs-tabbed-1.resp-vtabs li.resp-tab-active,\n#ffs-tabbed-1.resp-vtabs .resp-tabs-list li:hover{border-left-color:#71AFFF; border-top-color:#C1C1C1; border-right-color:#71AFFF;  border-bottom-color:#C1C1C1;}\n#ffs-tabbed-1.ffs-tabbed-nav h2.resp-accordion.resp-tab-active {background:none repeat scroll 0 0 #71AFFF !important;}\n<\/style><div id=\"ffs-tabbed-1\" class=\"ffs-tabbed-nav\"><ul class=\"resp-tabs-list\" data-closed=\"closed\"><li>Doctorado en Ciencias de la Acuicultura<\/li><li>Magi\u0301ster en Bioseguridad y Sustentabilidad de la Acuicultura<\/li><li>Magi\u0301ster en Nutrici\u00f3n Acu\u00edcola <\/li><li>Diplomado en Recirculaci\u00f3n para la Acuicultura<\/li><\/ul><div class=\"resp-tabs-container\">\n<div class=\"fruitful_tab tab-doctorado-en-ciencias-de-la-acuicultura\"><\/p>\n\n<p style=\"text-align: justify;\">El Doctorado en Ciencias de la Acuicultura de la Universidad Austral de Chile se define como un programa de car\u00e1cter acad\u00e9mico, de fuerte orientaci\u00f3n interdisciplinaria con \u00e9nfasis en los aspectos biol\u00f3gicos de relevancia para la diversificaci\u00f3n y sustentabilidad de la actividad acu\u00edcola.<\/p>\n<p style=\"text-align: justify;\">Al estar situado en un epicentro geogr\u00e1fico de relevancia mundial para esta actividad, busca operar como un sensor de las necesidades de conocimiento cient\u00edfico pertinente y de excelencia en ciencias de la acuicultura.&nbsp;<\/p>\n<p style=\"text-align: justify;\">&nbsp;<\/p>\n<p style=\"text-align: justify;\"><strong>-Objetivo general:<\/strong><\/p>\n<p style=\"text-align: justify;\">Formar capital humano altamente calificado para el desarrollo de investigaci\u00f3n en Ciencias de la Acuicultura.<\/p>\n<p style=\"text-align: justify;\">&nbsp;<\/p>\n<p style=\"text-align: justify;\"><strong>-Objetivos espec\u00edficos:<\/strong><\/p>\n<ul style=\"text-align: justify;\">\n<li style=\"text-align: justify;\">Formar personas capaces de llevar a cabo investigaci\u00f3n de alta calidad, que incrementen el conocimiento cient\u00edfico para adoptar tecnolog\u00edas y medidas de producci\u00f3n enfocadas a la sustentabilidad y diversificaci\u00f3n de los recursos acu\u00edcolas.<\/li>\n<li style=\"text-align: justify;\">Fomentar el enfoque multidisciplinario y sist\u00e9mico en la formaci\u00f3n de nuevos doctores en acuicultura.<\/li>\n<\/ul>\n<p style=\"text-align: justify;\">&nbsp;<\/p>\n<p style=\"text-align: justify;\"><strong>\u2013 Perfil del Estudiante:<\/strong><\/p>\n<p style=\"text-align: justify;\">Los estudiantes que ingresan pueden ser desde diferentes \u00e1reas de formaci\u00f3n, bi\u00f3logos marinos, ingenieros en acuicultura, ingenieros civiles, bioqu\u00edmicos, m\u00e9dicos veterinarios. Deben poseer una actitud de an\u00e1lisis cr\u00edtico para la lectura de&nbsp;<em>paper<\/em>&nbsp;y desarrollo de investigaci\u00f3n.<\/p>\n<p style=\"text-align: justify;\">&nbsp;<\/p>\n<p style=\"text-align: justify;\"><a href=\"http:\/\/doctoradoacuicultura.uach.cl\/\" target=\"_blank\">Visitar Sitio Web: http:\/\/doctoradoacuicultura.uach.cl<\/a><\/p>\n<p style=\"text-align: justify;\"><\/div>\n<div class=\"fruitful_tab tab-magister-en-bioseguridad-y-sustentabilidad-de-la-acuicultura\"><\/p>\n<p style=\"text-align: justify;\">&nbsp;<\/p>\n<p style=\"text-align: justify;\">El Mag\u00edster en Medio Ambiente y Bioseguridad en la Acuicultura es un programa de car\u00e1cter profesional que busca formar especialistas en medio ambiente y bioseguridad en Acuicultura, con capacidad de aplicar herramientas cient\u00edficas y tecnol\u00f3gicas a la soluci\u00f3n de problemas de su \u00e1mbito profesional.<\/p>\n<p style=\"text-align: justify;\">&nbsp;<\/p>\n<p style=\"text-align: justify;\"><strong>\u2013&nbsp;Objetivo general<\/strong><\/p>\n<p style=\"text-align: justify;\">Fortalecer las competencias profesionales a trav\u00e9s de la integraci\u00f3n de nuevos conocimientos y la aplicaci\u00f3n de herramientas cient\u00edficas y tecnol\u00f3gicas en la soluci\u00f3n de problemas y toma de decisiones en los \u00e1mbitos del medio ambiente y bioseguridad en la acuicultura.<\/p>\n<p style=\"text-align: justify;\">&nbsp;<\/p>\n<p style=\"text-align: justify;\"><strong>\u2013 Objetivos espec\u00edficos<\/strong><\/p>\n<ul style=\"text-align: justify;\">\n<li>Analizar cr\u00edticamente y sintetizar los principales problemas, desaf\u00edos y proyecciones que afronta la acuicultura y los recursos acu\u00e1ticos desde una perspectiva de sustentabilidad econ\u00f3mica, social y ambiental.<\/li>\n<li>Desarrollar habilidades y capacidades en el uso de metodolog\u00edas y herramientas cuantitativas que promuevan la integridad ambiental y sanitaria de la acuicultura.<\/li>\n<li>Desarrollar las capacidades para dise\u00f1ar soluciones sustentables aplicando metodolog\u00edas rigurosas para contribuir a solucionar problemas ambientales y sanitarios de la acuicultura y los recursos acu\u00e1ticos.<\/li>\n<\/ul>\n<p style=\"text-align: justify;\">&nbsp;<\/p>\n<p style=\"text-align: justify;\"><strong>\u2013 Perfil del Postulante<\/strong><\/p>\n<p style=\"text-align: justify;\">El programa est\u00e1 destinado a profesionales y\/o licenciados en \u00e1reas afines a la acuicultura, chilenos y extranjeros, que se desempe\u00f1an en industrias, empresas e instituciones relacionadas con la acuicultura y\/o el uso de recursos hidrobiol\u00f3gicos realizando ya sea desarrollo, investigaci\u00f3n, innovaci\u00f3n, gesti\u00f3n y control del medio ambiente acu\u00e1ti<\/p>\n<p style=\"text-align: justify;\">&nbsp;<\/p>\n<p style=\"text-align: justify;\"><a href=\"http:\/\/maba.uach.cl\/\" target=\"_blank\">Visitar Sitio Web: http:\/\/maba.uach.cl<\/a><\/p>\n<p style=\"text-align: justify;\"><\/div>\n<div class=\"fruitful_tab tab-magister-en-nutricion-acuicola\"><\/p>\n<p style=\"text-align: justify;\">El Mag\u00edster en Nutrici\u00f3n Acu\u00edcola es un programa de car\u00e1cter profesional y como tal, est\u00e1 dirigido a profesionales que tengan formaci\u00f3n de pregrado en el \u00e1mbito de la ingenier\u00eda en acuicultura o afines, biolog\u00eda marina, agroalimentaci\u00f3n o producci\u00f3n animal, as\u00ed como tambi\u00e9n en la gesti\u00f3n productiva.<\/p>\n<p style=\"text-align: justify;\">El programa responde a la necesidad de formar especialistas altamente capacitados en resolver problemas del \u00e1rea de la nutrici\u00f3n y alimentaci\u00f3n en Acuicultura, as\u00ed como de la gesti\u00f3n del proceso alimentario y de la producci\u00f3n de alimentos adecuados para una acuicultura sostenible.<\/p>\n<p style=\"text-align: justify;\">El plan de estudios es multidisciplinario y, por lo tanto, permite fortalecer las competencias de los profesionales en las herramientas de nutrici\u00f3n avanzada, tecnolog\u00eda de alimentos y gesti\u00f3n de la alimentaci\u00f3n aplicadas a la soluci\u00f3n de problemas en el \u00e1mbito productivo.<\/p>\n<p style=\"text-align: justify;\">&nbsp;<\/p>\n<p style=\"text-align: justify;\"><strong>\u2013&nbsp; <\/strong><strong>Objetivo general:<\/strong><\/p>\n<p style=\"text-align: justify;\">Formar especialistas con s\u00f3lidos conocimientos te\u00f3rico-pr\u00e1cticos en nutrici\u00f3n y alimentaci\u00f3n de especies de inter\u00e9s acu\u00edcola que aporten a la consolidaci\u00f3n de una acuicultura de excelencia.<\/p>\n<p style=\"text-align: justify;\">&nbsp;<\/p>\n<p style=\"text-align: justify;\"><strong>\u2013&nbsp; <\/strong><strong>Objetivos espec\u00edficos:<\/strong><\/p>\n<ol style=\"text-align: justify;\">\n<li style=\"text-align: justify;\">&nbsp;Formar especialistas en Nutrici\u00f3n Acu\u00edcola en los diferentes aspectos te\u00f3rico-pr\u00e1cticos de la nutrici\u00f3n y alimentaci\u00f3n de especies acu\u00edcolas que afectan el rendimiento y la salud del organismo en cultivo, as\u00ed como la sostenibilidad biol\u00f3gica, ambiental, y econ\u00f3mica del cultivo.<\/li>\n<li style=\"text-align: justify;\">Desarrollar en el especialista la capacidad para la formulaci\u00f3n y elaboraci\u00f3n de dietas, as\u00ed como para la propuesta del uso de insumos en nuevos escenarios.<\/li>\n<li style=\"text-align: justify;\">Desarrollar en el especialista las capacidades para dise\u00f1ar soluciones sustentables aplicando metodolog\u00edas rigurosas e innovadoras tanto para contribuir a la soluci\u00f3n de problemas nutricionales como de gesti\u00f3n de la alimentaci\u00f3n para la Acuicultura.&nbsp; &nbsp;&nbsp;<\/li>\n<\/ol>\n<p style=\"text-align: justify;\">&nbsp;<\/p>\n<p style=\"text-align: justify;\">&nbsp;<em><strong>\u2013&nbsp; <\/strong><\/em><strong>Perfil del postulante:<\/strong><\/p>\n<p style=\"text-align: justify;\">El Mag\u00edster en Nutrici\u00f3n Acu\u00edcola (MNA) est\u00e1 destinado a profesionales y\/o licenciados en \u00e1reas afines a la acuicultura, chilenos y extranjeros que se desempe\u00f1an en industrias, empresas e instituciones relacionadas con la acuicultura y\/o el uso de recursos hidrobiol\u00f3gicos realizando desarrollo, investigaci\u00f3n, o innovaci\u00f3n en nutrici\u00f3n.<\/p>\n<p style=\"text-align: justify;\">Tambi\u00e9n para aquellos que se desempe\u00f1an en gesti\u00f3n y control de la alimentaci\u00f3n en empresas de cultivos y de producci\u00f3n de alimentos acu\u00edcolas.<\/p>\n<p style=\"text-align: justify;\"><a href=\"http:\/\/mna.uach.cl\/\" target=\"_blank\">Visitar Sitio Web: http:\/\/<\/a>mna.uach.cl<\/p>\n<p style=\"text-align: justify;\"><\/div>\n<div class=\"fruitful_tab tab-diplomado-en-recirculacion-para-la-acuicultura\"><\/p>\n<p style=\"text-align: justify;\">El Diplomado en Recirculaci\u00f3n para la Acuicultura (DipRAS) est\u00e1 destinado a profesionales, licenciados y t\u00e9cnicos de al menos 4 a\u00f1os de estudio de disciplinas afines a la acuicultura, chilenos y extranjeros que se desempe\u00f1an en el sector acu\u00edcola, ya sea en empresas o en centros de investigaci\u00f3n, as\u00ed como operadores privados y emprendedores micro, peque\u00f1os y medianos que est\u00e9n incursionando en estos sistemas como parte de un negocio.<\/p>\n<p style=\"text-align: justify;\">&nbsp;<\/p>\n<p style=\"text-align: justify;\"><strong>\u2013 Objetivos generales<\/strong><\/p>\n<p style=\"text-align: justify;\">El profesional que egrese del Diplomado en Recirculaci\u00f3n para la Acuicultura de la Universidad Austral de Chile (UACh) ser\u00e1 capaz de:<\/p>\n<ul style=\"text-align: justify;\">\n<li>Definir condiciones de \u00f3ptimo funcionamiento de los sistemas de recirculaci\u00f3n de agua dulce y agua de mar, dependiendo del estado de desarrollo y especie a cultivar.<\/li>\n<li>Aplicar soluciones a problemas contingentes de los sistemas de recirculaci\u00f3n en aspectos de ingenier\u00eda, mantenimiento e inversiones.<\/li>\n<li>Definir la condici\u00f3n fisiol\u00f3gica de los organismos en cultivo en cualquier momento y responder a diferentes tipos de contingencias biol\u00f3gicas.<\/li>\n<li>Proponer mejoras a los sistemas de recirculaci\u00f3n acorde a la especie de cultivo, nivel de producci\u00f3n y costos asociados.<\/li>\n<li>Desempe\u00f1arse acorde a la legislaci\u00f3n y a las normas de bioseguridad, bienestar animal y sustentabilidad ambiental.<\/li>\n<\/ul>\n<h3 style=\"text-align: justify;\">&nbsp;<\/h3>\n<p style=\"text-align: justify;\"><strong>\u2013 Perfil del Postulante<\/strong><\/p>\n<p style=\"text-align: justify;\">El Diplomado en Recirculaci\u00f3n para la Acuicultura est\u00e1 destinado a capacitar a profesionales y t\u00e9cnicos que deseen actualizar y profundizar sus conocimientos en estos sistemas de acuicultura.<\/p>\n<p style=\"text-align: justify;\">El programa entrega las bases de esta especializaci\u00f3n y fortalece la preparaci\u00f3n de profesionales y t\u00e9cnicos de distintas disciplinas, que se desempe\u00f1an en el sector acu\u00edcola, ya sea en empresas o en centros de investigaci\u00f3n, as\u00ed como operadores privados y emprendedores micro, peque\u00f1os y medianos que est\u00e9n incursionando en estos sistemas como parte de un negocio.<\/p>\n<p><\/div><\/p>\n<p><\/div><\/div><div class=\"clearfix\"><\/div>\n<p>&nbsp;<\/p>\n<p>&nbsp;<\/p>\n<p style=\"text-align: justify;\">&nbsp;<\/p>\n","protected":false},"excerpt":{"rendered":"<p>&nbsp; &nbsp; &nbsp;<\/p>\n","protected":false},"author":1,"featured_media":0,"parent":15,"menu_order":0,"comment_status":"open","ping_status":"open","template":"","meta":{"ngg_post_thumbnail":0,"footnotes":""},"class_list":["post-39","page","type-page","status-publish","hentry"],"_links":{"self":[{"href":"https:\/\/iacui.uach.cl\/index.php?rest_route=\/wp\/v2\/pages\/39"}],"collection":[{"href":"https:\/\/iacui.uach.cl\/index.php?rest_route=\/wp\/v2\/pages"}],"about":[{"href":"https:\/\/iacui.uach.cl\/index.php?rest_route=\/wp\/v2\/types\/page"}],"author":[{"embeddable":true,"href":"https:\/\/iacui.uach.cl\/index.php?rest_route=\/wp\/v2\/users\/1"}],"replies":[{"embeddable":true,"href":"https:\/\/iacui.uach.cl\/index.php?rest_route=%2Fwp%2Fv2%2Fcomments&post=39"}],"version-history":[{"count":37,"href":"https:\/\/iacui.uach.cl\/index.php?rest_route=\/wp\/v2\/pages\/39\/revisions"}],"predecessor-version":[{"id":1689,"href":"https:\/\/iacui.uach.cl\/index.php?rest_route=\/wp\/v2\/pages\/39\/revisions\/1689"}],"up":[{"embeddable":true,"href":"https:\/\/iacui.uach.cl\/index.php?rest_route=\/wp\/v2\/pages\/15"}],"wp:attachment":[{"href":"https:\/\/iacui.uach.cl\/index.php?rest_route=%2Fwp%2Fv2%2Fmedia&parent=39"}],"curies":[{"name":"wp","href":"https:\/\/api.w.org\/{rel}","templated":true}]}}