{"id":4,"date":"2016-06-15T11:22:14","date_gmt":"2016-06-15T11:22:14","guid":{"rendered":"http:\/\/iacui.uach.cl\/wp\/?page_id=4"},"modified":"2024-07-08T21:44:45","modified_gmt":"2024-07-08T21:44:45","slug":"presentacion","status":"publish","type":"page","link":"https:\/\/iacui.uach.cl\/?page_id=4","title":{"rendered":"Presentaci\u00f3n"},"content":{"rendered":"<div class=\"responsive-tabs\">\n<h2 class=\"tabtitle\">Saludo Director<\/h2>\n<div class=\"tabcontent\">\n\n<p>&nbsp;<img loading=\"lazy\" decoding=\"async\" class=\"alignnone size-full wp-image-1602 aligncenter\" src=\"https:\/\/iacui.uach.cl\/wp-content\/uploads\/2022\/11\/18422419_795556067285201_417389716725279931_o-1.png\" alt=\"18422419_795556067285201_417389716725279931_o (1)\" width=\"696\" height=\"463\" srcset=\"https:\/\/iacui.uach.cl\/wp-content\/uploads\/2022\/11\/18422419_795556067285201_417389716725279931_o-1.png 696w, https:\/\/iacui.uach.cl\/wp-content\/uploads\/2022\/11\/18422419_795556067285201_417389716725279931_o-1-60x40.png 60w, https:\/\/iacui.uach.cl\/wp-content\/uploads\/2022\/11\/18422419_795556067285201_417389716725279931_o-1-130x86.png 130w\" sizes=\"(max-width: 696px) 100vw, 696px\" \/><\/p>\n<p style=\"text-align: justify;\">El Instituto de Acuicultura y Medio Ambiente de la Universidad Austral de Chile Sede Puerto Montt fue creado en 1998 con la finalidad de contribuir al desarrollo de la acuicultura en el pa\u00eds.<\/p>\n<p style=\"text-align: justify;\">A partir de ese a\u00f1o se dio inicio a la formaci\u00f3n de Ingenieros en Acuicultura, contando con profesores especialistas en las distintas disciplinas para entregarle una formaci\u00f3n profesional integral a los estudiantes que hoy se desempe\u00f1an en los distintos \u00e1mbitos de la acuicultura nacional.<\/p>\n<p style=\"text-align: justify;\">En 2011 se tuvo el \u00faltimo ingreso de alumnos a la carrera de Ingenier\u00eda en Acuicultura, y a partir del 2019 el Instituto de Acuicultura cuenta con la carrera de Ingenier\u00eda Ambiental, cuyo objetivo es contribuir con la formaci\u00f3n de profesionales de alto nivel en las distintas disciplinas que contempla el ejercicio tanto en el sector p\u00fablico como privado y en las diferentes \u00e1reas de ejercicio profesional atingentes a la regi\u00f3n y al pa\u00eds.<\/p>\n<p style=\"text-align: justify;\">Como una forma de contribuir a la formaci\u00f3n de capital humano avanzado, el Instituto de Acuicultura y Medio Ambiente dio inicio al programas de Doctorado en Ciencias de la Acuicultura (2010); Magister en Medio Ambiente y Bioseguridad (2016); Magister en Nutrici\u00f3n Acu\u00edcola (2019); y Diplomado en Recirculaci\u00f3n para la Acuicultura (2021).<\/p>\n<p style=\"text-align: justify;\">Adem\u00e1s de la participaci\u00f3n en docencia, los acad\u00e9micos del Instituto de Acuicultura y Medio Ambiente UACh Sede Puerto Montt realizan investigaci\u00f3n de alto nivel en sus respectivas disciplinas, a trav\u00e9s de proyectos de investigaci\u00f3n financiados por los distintos Fondos de Financiamiento que operan en el pa\u00eds.<\/p>\n<p style=\"text-align: justify;\">Los acad\u00e9micos del Instituto de Acuicultura y Medio Ambiente muestran un gran compromiso con el pa\u00eds al formar parte de una serie de Comit\u00e9s y Consejos relacionados con la pesca, acuicultura y medioambiente, contribuyendo as\u00ed al desarrollo y mejora de las pol\u00edticas p\u00fablicas que rigen esta actividad productiva.<\/p>\n<p style=\"text-align: justify;\">Al esta situado en la ciudad de Puerto Montt, en la regi\u00f3n de Los Lagos, el Instituto de Acuicultura&nbsp;ha generado importantes v\u00ednculos de colaboraci\u00f3n con empresas del sector privado, as\u00ed como tambi\u00e9n con universidades e institutos de investigaci\u00f3n de otros pa\u00edses, lo que ha permitido generar investigaci\u00f3n aplicada con foco en la soluci\u00f3n de problemas.<\/p>\n<p style=\"text-align: justify;\"><strong>Director: Dr. Carlos Molinet Flores<\/strong><\/p>\n\n<\/div><h2 class=\"tabtitle\">Sobre el Instituto<\/h2>\n<div class=\"tabcontent\">\n\n<p><img loading=\"lazy\" decoding=\"async\" class=\"aligncenter size-full wp-image-590\" src=\"https:\/\/iacui.uach.cl\/wp-content\/uploads\/2017\/03\/Sede.jpg\" alt=\"Sede\" width=\"1000\" height=\"667\" srcset=\"https:\/\/iacui.uach.cl\/wp-content\/uploads\/2017\/03\/Sede.jpg 1000w, https:\/\/iacui.uach.cl\/wp-content\/uploads\/2017\/03\/Sede-60x40.jpg 60w, https:\/\/iacui.uach.cl\/wp-content\/uploads\/2017\/03\/Sede-190x127.jpg 190w, https:\/\/iacui.uach.cl\/wp-content\/uploads\/2017\/03\/Sede-768x512.jpg 768w\" sizes=\"(max-width: 1000px) 100vw, 1000px\" \/><\/p>\n<p style=\"text-align: justify;\">El Instituto de Acuicultura y Medio Ambiente de la Universidad Austral de Chile (UACh), Sede Puerto Montt, nacio\u0301 el 5 de noviembre de 1998 con el Decreto de Rectori\u0301a No 340, con el objetivo de priorizar li\u0301neas de investigacio\u0301n y de formacio\u0301n de recursos humanos en el a\u0301rea de la acuicultura.<\/p>\n<p style=\"text-align: justify;\">Es una unidad acade\u0301mica que dedica sus esfuerzos a la docencia e investigacio\u0301n en dicha a\u0301rea y tambie\u0301n en el manejo de recursos acua\u0301ticos, desarrollando su quehacer en torno a todas las a\u0301reas en que se encuentra acreditada la Universidad Austral de Chile, como Universidad Completa y Compleja, hasta el 2021: Docencia de Pregrado, Docencia de Postgrado, Investigacio\u0301n, Gestio\u0301n Institucional y Vinculacio\u0301n con el Medio.<\/p>\n<p style=\"text-align: justify;\">Actualmente cuenta con nueve docentes de jornada completa, todos con estudios de post-grado y productividad cienti\u0301fica asociada a las a\u0301reas prioritarias del IACUI, con e\u0301nfasis en el desarrollo sustentable de la Acuicultura, a trave\u0301s de varias disciplinas como biologi\u0301a, gene\u0301tica, fisiologi\u0301a, nutricio\u0301n, patologi\u0301a, ecologi\u0301a, oceanografi\u0301a, modelacio\u0301n, entre otras. Los acade\u0301micos mantienen un permanente compromiso institucional, asumiendo cargos de gestio\u0301n institucionales promoviendo asi\u0301 la excelencia acade\u0301mica y la naturaleza compleja de nuestra Sede.<\/p>\n<p style=\"text-align: justify;\">La oferta formativa del Instituto de Acuicultura y Medio Ambiente contempla la docencia de pregrado en su especialidad, asi\u0301 como la colaboracio\u0301n docente en diversas carreras de pregrado de la Sede Puerto Montt y de las Facultades de Ciencias y Ciencias Veterinarias de la Isla Teja (Valdivia).<\/p>\n<p style=\"text-align: justify;\">Su mayor logro en docencia de postgrado ha sido liderar la formacio\u0301n de capital humano avanzado en Acuicultura, a trave\u0301s del Doctorado en Ciencias de la Acuicultura, programa que se encuentra acreditado y que se realiza principalmente en la Sede Puerto Montt, logra\u0301ndose titular en el 2015 los dos primeros doctores, uno de ellos bajo la direccio\u0301n de la M.Sc. Sandra Mari\u0301n, acade\u0301mica del IACUI.<\/p>\n<p style=\"text-align: justify;\">Durante ese mismo an\u0303o, el Consejo Acade\u0301mico de la UACh aprobo\u0301 el Magi\u0301ster en Medio Ambiente y Bioseguridad en Acuicultura, por lo cual durante el 2016 recibe a su primera generacio\u0301n de estudiantes.<\/p>\n<p style=\"text-align: justify;\">Durante el 2015, el IACUI genero\u0301 por primera vez una capacitacio\u0301n internacional ante la solicitud del Ministerio de Ciencia y Tecnologi\u0301a del Gobierno Argentino, la cual se atendio\u0301 con un curso intensivo de Nutricio\u0301n en Acuicultura para profesionales argentinos y que se realizo\u0301 bajo un esquema multidisciplinario, coordinando la participacio\u0301n conjunta de IACUI con otras unidades acade\u0301micas de la UACh, y profesores externos.<\/p>\n<p style=\"text-align: justify;\"><\/div><\/div><\/p>\n","protected":false},"excerpt":{"rendered":"<p>&nbsp; El Instituto de Acuicultura y Medio Ambiente de la Universidad Austral de Chile Sede Puerto Montt fue creado en 1998 con la finalidad de contribuir al desarrollo de la acuicultura en el pa\u00eds. A partir de ese a\u00f1o se &hellip; <a href=\"https:\/\/iacui.uach.cl\/?page_id=4\">Continue reading <span class=\"meta-nav\">&rarr;<\/span><\/a><\/p>\n","protected":false},"author":1,"featured_media":0,"parent":9,"menu_order":0,"comment_status":"open","ping_status":"closed","template":"","meta":{"ngg_post_thumbnail":0,"footnotes":""},"class_list":["post-4","page","type-page","status-publish","hentry"],"_links":{"self":[{"href":"https:\/\/iacui.uach.cl\/index.php?rest_route=\/wp\/v2\/pages\/4"}],"collection":[{"href":"https:\/\/iacui.uach.cl\/index.php?rest_route=\/wp\/v2\/pages"}],"about":[{"href":"https:\/\/iacui.uach.cl\/index.php?rest_route=\/wp\/v2\/types\/page"}],"author":[{"embeddable":true,"href":"https:\/\/iacui.uach.cl\/index.php?rest_route=\/wp\/v2\/users\/1"}],"replies":[{"embeddable":true,"href":"https:\/\/iacui.uach.cl\/index.php?rest_route=%2Fwp%2Fv2%2Fcomments&post=4"}],"version-history":[{"count":27,"href":"https:\/\/iacui.uach.cl\/index.php?rest_route=\/wp\/v2\/pages\/4\/revisions"}],"predecessor-version":[{"id":2308,"href":"https:\/\/iacui.uach.cl\/index.php?rest_route=\/wp\/v2\/pages\/4\/revisions\/2308"}],"up":[{"embeddable":true,"href":"https:\/\/iacui.uach.cl\/index.php?rest_route=\/wp\/v2\/pages\/9"}],"wp:attachment":[{"href":"https:\/\/iacui.uach.cl\/index.php?rest_route=%2Fwp%2Fv2%2Fmedia&parent=4"}],"curies":[{"name":"wp","href":"https:\/\/api.w.org\/{rel}","templated":true}]}}