{"id":41,"date":"2016-06-15T11:47:40","date_gmt":"2016-06-15T11:47:40","guid":{"rendered":"http:\/\/iacui.uach.cl\/wp\/?page_id=41"},"modified":"2022-11-23T00:52:46","modified_gmt":"2022-11-23T00:52:46","slug":"pregrado","status":"publish","type":"page","link":"https:\/\/iacui.uach.cl\/?page_id=41","title":{"rendered":"Pregrado"},"content":{"rendered":"<p><img loading=\"lazy\" decoding=\"async\" class=\"wp-image-782 size-large alignnone\" src=\"https:\/\/iacui.uach.cl\/wp-content\/uploads\/2016\/06\/uach-sede-puerto-montt-contara-con-dos-nuevas-carreras-para-admision-2020-e44d11417996f299d036d40718a0cbb5.jpg\" width=\"640\" height=\"427\"><\/p>\n<p><strong>INGENIER\u00cdA AMBIENTAL<\/strong><\/p>\n<blockquote><p><span style=\"color: #993300;\"><strong>Descripci\u00f3n de la carrera:<\/strong><\/span><\/p><\/blockquote>\n<p style=\"text-align: justify;\">El Ingeniero\/a Ambiental de la Universidad Austral de Chile (UACh) Sede Puerto Montt ser\u00e1 capaz de aplicar los instrumentos de car\u00e1cter normativo y sanitario tanto en el dise\u00f1o, ejecuci\u00f3n y&nbsp;fiscalizaci\u00f3n de proyectos, as\u00ed como tambi\u00e9n justifica las necesidades espec\u00edficas en el desarrollo de la evaluaci\u00f3n de impacto ambiental, moderando equipos de trabajo interdisciplinarios.<\/p>\n<p style=\"text-align: justify;\">El Ingeniero Ambiental debe ser un individuo con caracter\u00edsticas innovadoras, atractivo para el mercado y que no se limita \u00fanicamente a la industria, sino tambi\u00e9n fuera de ellas, como parte de equipos consultores que prestan apoyo a este rubro, as\u00ed como tambi\u00e9n en el ejercicio y participaci\u00f3n en servicios p\u00fablicos involucrados al bien estar de las personas y del medio ambiente.<\/p>\n<p>&nbsp;<\/p>\n<blockquote><p><span style=\"color: #993300;\"><strong>Objetivos:<\/strong><\/span><\/p><\/blockquote>\n<p style=\"text-align: justify;\">El Ingeniero\/a Ambiental de la UACh es un profesional de excelencia con capacidad anal\u00edtica, creativa y proactiva; capaz de aprender de forma aut\u00f3noma y trabajar en equipos desde un enfoque interdisciplinario; comprometido con la libertad, el respeto por la diversidad cultural y su responsabilidad profesional para el desarrollo de la sociedad.<\/p>\n<p style=\"text-align: justify;\">En coherencia con lo se\u00f1alado, la formaci\u00f3n del Ingeniero Ambiental de la Universidad Austral de Chile, considera los siguientes prop\u00f3sitos:<\/p>\n<ul>\n<li style=\"text-align: justify;\">Entregar una formaci\u00f3n cient\u00edfica, tecnol\u00f3gica y humanista, abocada a las matem\u00e1ticas, ciencias naturales y ciencias sociales, que aborde de forma integral las diversas \u00e1reas de su desempe\u00f1o profesional vinculadas con la gesti\u00f3n de los elementos ambientales para la protecci\u00f3n de la salud de las personas y el desarrollo de una sociedad sustentable.<\/li>\n<li style=\"text-align: justify;\">Promover el compromiso \u00e9tico y responsable de los profesionales con la sociedad, fomentando el respeto por el medio ambiente y su importancia para el desarrollo de la sociedad.<\/li>\n<li style=\"text-align: justify;\">Desarrollar competencias para elaborar y llevar a cabo estrategias de resoluci\u00f3n de conflictos ambientales vinculados con la interacci\u00f3n medioambiente y la sociedad (sistema socio-ecol\u00f3gico).<\/li>\n<li style=\"text-align: justify;\">Desarrollar en los futuros egresados destrezas y habilidades que les permitan innovar, bas\u00e1ndose en la cultura de la mejora continua, el aprendizaje aut\u00f3nomo y permanente.<\/li>\n<\/ul>\n","protected":false},"excerpt":{"rendered":"<p>INGENIER\u00cdA AMBIENTAL Descripci\u00f3n de la carrera: El Ingeniero\/a Ambiental de la Universidad Austral de Chile (UACh) Sede Puerto Montt ser\u00e1 capaz de aplicar los instrumentos de car\u00e1cter normativo y sanitario tanto en el dise\u00f1o, ejecuci\u00f3n y&nbsp;fiscalizaci\u00f3n de proyectos, as\u00ed como &hellip; <a href=\"https:\/\/iacui.uach.cl\/?page_id=41\">Continue reading <span class=\"meta-nav\">&rarr;<\/span><\/a><\/p>\n","protected":false},"author":1,"featured_media":0,"parent":15,"menu_order":0,"comment_status":"open","ping_status":"open","template":"","meta":{"ngg_post_thumbnail":0,"footnotes":""},"class_list":["post-41","page","type-page","status-publish","hentry"],"_links":{"self":[{"href":"https:\/\/iacui.uach.cl\/index.php?rest_route=\/wp\/v2\/pages\/41"}],"collection":[{"href":"https:\/\/iacui.uach.cl\/index.php?rest_route=\/wp\/v2\/pages"}],"about":[{"href":"https:\/\/iacui.uach.cl\/index.php?rest_route=\/wp\/v2\/types\/page"}],"author":[{"embeddable":true,"href":"https:\/\/iacui.uach.cl\/index.php?rest_route=\/wp\/v2\/users\/1"}],"replies":[{"embeddable":true,"href":"https:\/\/iacui.uach.cl\/index.php?rest_route=%2Fwp%2Fv2%2Fcomments&post=41"}],"version-history":[{"count":25,"href":"https:\/\/iacui.uach.cl\/index.php?rest_route=\/wp\/v2\/pages\/41\/revisions"}],"predecessor-version":[{"id":1694,"href":"https:\/\/iacui.uach.cl\/index.php?rest_route=\/wp\/v2\/pages\/41\/revisions\/1694"}],"up":[{"embeddable":true,"href":"https:\/\/iacui.uach.cl\/index.php?rest_route=\/wp\/v2\/pages\/15"}],"wp:attachment":[{"href":"https:\/\/iacui.uach.cl\/index.php?rest_route=%2Fwp%2Fv2%2Fmedia&parent=41"}],"curies":[{"name":"wp","href":"https:\/\/api.w.org\/{rel}","templated":true}]}}