{"id":808,"date":"2019-01-11T15:48:23","date_gmt":"2019-01-11T15:48:23","guid":{"rendered":"http:\/\/iacui.uach.cl\/?page_id=808"},"modified":"2022-11-22T22:01:57","modified_gmt":"2022-11-22T22:01:57","slug":"laboratorio-de-patologia-y-biologia-de-peces","status":"publish","type":"page","link":"https:\/\/iacui.uach.cl\/?page_id=808","title":{"rendered":"Laboratorio PYBP"},"content":{"rendered":"<h3>Laboratorio de Patolog\u00eda y Biolog\u00eda de Peces<\/h3>\n<p><img loading=\"lazy\" decoding=\"async\" class=\"alignnone size-full wp-image-809\" src=\"https:\/\/iacui.uach.cl\/wp-content\/uploads\/2019\/01\/lab_pat.jpg\" alt=\"lab_pat\" width=\"540\" height=\"360\" srcset=\"https:\/\/iacui.uach.cl\/wp-content\/uploads\/2019\/01\/lab_pat.jpg 540w, https:\/\/iacui.uach.cl\/wp-content\/uploads\/2019\/01\/lab_pat-60x40.jpg 60w, https:\/\/iacui.uach.cl\/wp-content\/uploads\/2019\/01\/lab_pat-130x87.jpg 130w\" sizes=\"(max-width: 540px) 100vw, 540px\" \/><\/p>\n<h4>&nbsp;<\/h4>\n<p style=\"text-align: justify;\">El Laboratorio de Patolog\u00eda y Biolog\u00eda de Peces es dirigido por la Dra. Sandra Bravo y est\u00e1 habilitado para an\u00e1lisis de pat\u00f3genos de peces, con foco en enfermedades parasitarias; evaluaci\u00f3n de resistencia a productos antiparasitarios para el control del piojo de mar (<em>Caligus rogercresseyi<\/em>); estudios de eficacia de productos farmacol\u00f3gicos; desarrollo e implementaci\u00f3n de bioensayos, para lo cual se cuenta con el equipamiento y protocolos requeridos.<\/p>\n<p style=\"text-align: justify;\">Entre los estudios de biolog\u00eda pesquera se realizan: estudios de poblaciones de peces silvestres; an\u00e1lisis de Didymo; evaluaci\u00f3n de productos antifouling.<\/p>\n<p style=\"text-align: justify;\">&nbsp;<\/p>\n<p style=\"text-align: justify;\"><strong>-Objetivo<\/strong><\/p>\n<p style=\"text-align: justify;\">El objetivo de este laboratorio es desarrollar proyectos financiados tanto por fondos p\u00fablicos como por instituciones privadas que requieran de los servicios se\u00f1alados. Adem\u00e1s de contribuir a la formaci\u00f3n de capital humano avanzado en las disciplinas se\u00f1aladas, en estudiantes de pregrado y postgrado.<\/p>\n","protected":false},"excerpt":{"rendered":"<p>Laboratorio de Patolog\u00eda y Biolog\u00eda de Peces &nbsp; El Laboratorio de Patolog\u00eda y Biolog\u00eda de Peces es dirigido por la Dra. Sandra Bravo y est\u00e1 habilitado para an\u00e1lisis de pat\u00f3genos de peces, con foco en enfermedades parasitarias; evaluaci\u00f3n de resistencia &hellip; <a href=\"https:\/\/iacui.uach.cl\/?page_id=808\">Continue reading <span class=\"meta-nav\">&rarr;<\/span><\/a><\/p>\n","protected":false},"author":4,"featured_media":0,"parent":19,"menu_order":0,"comment_status":"closed","ping_status":"closed","template":"","meta":{"ngg_post_thumbnail":0,"footnotes":""},"class_list":["post-808","page","type-page","status-publish","hentry"],"_links":{"self":[{"href":"https:\/\/iacui.uach.cl\/index.php?rest_route=\/wp\/v2\/pages\/808"}],"collection":[{"href":"https:\/\/iacui.uach.cl\/index.php?rest_route=\/wp\/v2\/pages"}],"about":[{"href":"https:\/\/iacui.uach.cl\/index.php?rest_route=\/wp\/v2\/types\/page"}],"author":[{"embeddable":true,"href":"https:\/\/iacui.uach.cl\/index.php?rest_route=\/wp\/v2\/users\/4"}],"replies":[{"embeddable":true,"href":"https:\/\/iacui.uach.cl\/index.php?rest_route=%2Fwp%2Fv2%2Fcomments&post=808"}],"version-history":[{"count":4,"href":"https:\/\/iacui.uach.cl\/index.php?rest_route=\/wp\/v2\/pages\/808\/revisions"}],"predecessor-version":[{"id":1673,"href":"https:\/\/iacui.uach.cl\/index.php?rest_route=\/wp\/v2\/pages\/808\/revisions\/1673"}],"up":[{"embeddable":true,"href":"https:\/\/iacui.uach.cl\/index.php?rest_route=\/wp\/v2\/pages\/19"}],"wp:attachment":[{"href":"https:\/\/iacui.uach.cl\/index.php?rest_route=%2Fwp%2Fv2%2Fmedia&parent=808"}],"curies":[{"name":"wp","href":"https:\/\/api.w.org\/{rel}","templated":true}]}}