{"id":814,"date":"2019-01-11T15:58:22","date_gmt":"2019-01-11T15:58:22","guid":{"rendered":"http:\/\/iacui.uach.cl\/?page_id=814"},"modified":"2022-11-22T22:01:44","modified_gmt":"2022-11-22T22:01:44","slug":"laboratorio-nutrilab","status":"publish","type":"page","link":"https:\/\/iacui.uach.cl\/?page_id=814","title":{"rendered":"Laboratorio NUTRILAB"},"content":{"rendered":"<h3><span style=\"color: #000000;\">Laboratorio de Nutrici\u00f3n en Acuicultura<\/span><\/h3>\n<p><img loading=\"lazy\" decoding=\"async\" class=\"alignnone size-full wp-image-815\" src=\"https:\/\/iacui.uach.cl\/wp-content\/uploads\/2019\/01\/nutrilab.jpg\" alt=\"nutrilab\" width=\"540\" height=\"360\" srcset=\"https:\/\/iacui.uach.cl\/wp-content\/uploads\/2019\/01\/nutrilab.jpg 540w, https:\/\/iacui.uach.cl\/wp-content\/uploads\/2019\/01\/nutrilab-60x40.jpg 60w, https:\/\/iacui.uach.cl\/wp-content\/uploads\/2019\/01\/nutrilab-130x87.jpg 130w\" sizes=\"(max-width: 540px) 100vw, 540px\" \/><\/p>\n<h4>&nbsp;<\/h4>\n<p style=\"text-align: justify;\">El Laboratorio de Nutrici\u00f3n en Acuicultura naci\u00f3 como parte del Hatchery de Invertebrados Marinos en 1998 para investigar los alimentos vivos destinados a reproductores y larvas de osti\u00f3n del norte, osti\u00f3n del sur y chorito.<\/p>\n<p style=\"text-align: justify;\">Se ha formulado alimentos para larvas y juveniles de abalones, trumulco, centolla, y pulpo rojo patag\u00f3nico. As\u00ed como para larvas, postlarvas y juveniles, y reproductores de corvina chilena. Formulaciones basadas en investigaci\u00f3n de estas especies en su ambiente natural.&nbsp;&nbsp;<\/p>\n<p style=\"text-align: justify;\">&nbsp;<\/p>\n<p style=\"text-align: justify;\"><strong>-Objetivos<\/strong><\/p>\n<p style=\"text-align: justify;\">Los objetivos principales del Laboratorio de Nutrici\u00f3n en Acuicultura es estudiar el efecto de los nutrientes y de las formulaciones en la fisiolog\u00eda y desempe\u00f1o de los organismos en cultivo; adem\u00e1s de contribuir a la formaci\u00f3n de profesionales en nutrici\u00f3n acu\u00edcola; dar asesor\u00eda en nutrici\u00f3n de organismos en cultivo; y determinar requerimientos en \u00e1cidos grasos, amino\u00e1cidos y vitaminas.&nbsp;<\/p>\n<p style=\"text-align: justify;\">El equipo del NUTRILAB est\u00e1 contribuyendo a la alimentaci\u00f3n sostenible en acuicultura y a promover a la acuicultura como origen de alimentos funcionales para el ser humano.<\/p>\n","protected":false},"excerpt":{"rendered":"<p>Laboratorio de Nutrici\u00f3n en Acuicultura &nbsp; El Laboratorio de Nutrici\u00f3n en Acuicultura naci\u00f3 como parte del Hatchery de Invertebrados Marinos en 1998 para investigar los alimentos vivos destinados a reproductores y larvas de osti\u00f3n del norte, osti\u00f3n del sur y &hellip; <a href=\"https:\/\/iacui.uach.cl\/?page_id=814\">Continue reading <span class=\"meta-nav\">&rarr;<\/span><\/a><\/p>\n","protected":false},"author":4,"featured_media":0,"parent":19,"menu_order":0,"comment_status":"closed","ping_status":"closed","template":"","meta":{"ngg_post_thumbnail":0,"footnotes":""},"class_list":["post-814","page","type-page","status-publish","hentry"],"_links":{"self":[{"href":"https:\/\/iacui.uach.cl\/index.php?rest_route=\/wp\/v2\/pages\/814"}],"collection":[{"href":"https:\/\/iacui.uach.cl\/index.php?rest_route=\/wp\/v2\/pages"}],"about":[{"href":"https:\/\/iacui.uach.cl\/index.php?rest_route=\/wp\/v2\/types\/page"}],"author":[{"embeddable":true,"href":"https:\/\/iacui.uach.cl\/index.php?rest_route=\/wp\/v2\/users\/4"}],"replies":[{"embeddable":true,"href":"https:\/\/iacui.uach.cl\/index.php?rest_route=%2Fwp%2Fv2%2Fcomments&post=814"}],"version-history":[{"count":6,"href":"https:\/\/iacui.uach.cl\/index.php?rest_route=\/wp\/v2\/pages\/814\/revisions"}],"predecessor-version":[{"id":1672,"href":"https:\/\/iacui.uach.cl\/index.php?rest_route=\/wp\/v2\/pages\/814\/revisions\/1672"}],"up":[{"embeddable":true,"href":"https:\/\/iacui.uach.cl\/index.php?rest_route=\/wp\/v2\/pages\/19"}],"wp:attachment":[{"href":"https:\/\/iacui.uach.cl\/index.php?rest_route=%2Fwp%2Fv2%2Fmedia&parent=814"}],"curies":[{"name":"wp","href":"https:\/\/api.w.org\/{rel}","templated":true}]}}