{"id":820,"date":"2019-01-11T17:25:30","date_gmt":"2019-01-11T17:25:30","guid":{"rendered":"http:\/\/iacui.uach.cl\/?page_id=820"},"modified":"2022-11-22T22:01:32","modified_gmt":"2022-11-22T22:01:32","slug":"laboratorio-lecofic","status":"publish","type":"page","link":"https:\/\/iacui.uach.cl\/?page_id=820","title":{"rendered":"Laboratorio LECOFIC"},"content":{"rendered":"<h4>Laboratorio de Ecofisiolog\u00eda de Crust\u00e1ceos<\/h4>\n<p><img loading=\"lazy\" decoding=\"async\" class=\"alignnone size-full wp-image-821\" src=\"https:\/\/iacui.uach.cl\/wp-content\/uploads\/2019\/01\/lab.jpg\" alt=\"lab\" width=\"540\" height=\"360\" srcset=\"https:\/\/iacui.uach.cl\/wp-content\/uploads\/2019\/01\/lab.jpg 540w, https:\/\/iacui.uach.cl\/wp-content\/uploads\/2019\/01\/lab-60x40.jpg 60w, https:\/\/iacui.uach.cl\/wp-content\/uploads\/2019\/01\/lab-130x87.jpg 130w\" sizes=\"(max-width: 540px) 100vw, 540px\" \/><\/p>\n<h4>&nbsp;<\/h4>\n<p style=\"text-align: justify;\">En el Laboratorio de Ecofisiolog\u00eda de Crust\u00e1ceos es liderado por el&nbsp;Dr. Kurt Paschke y tiene por objetivo comprender el efecto de factores ambientales, tales como la temperatura, salinidad, y en el \u00faltimo tiempo especialmente la disponibilidad de O<sub>2<\/sub> y CO<sub>2<\/sub>, sobre la fisiolog\u00eda de animales.<\/p>\n<p style=\"text-align: justify;\">En este laboratorio se pone atenci\u00f3n especial a los estadios tempranos del desarrollo de embriones, larvas, juveniles y c\u00f3mo se interrelacionan los mecanismos, procesos y adaptaciones fisiol\u00f3gicas con las diferentes fases del ciclo de vida, principalmente en crust\u00e1ceos, tanto ant\u00e1rticos como subant\u00e1rticos.<\/p>\n<p style=\"text-align: justify;\">Esta l\u00ednea de investigaci\u00f3n tiene su complemento aplicado donde se analizan respuestas fisiol\u00f3gicas para evaluar el efecto de pesticidas y\/o desarrollar tecnolog\u00edas de cultivo, por ejemplo, el desarrollo del cultivo de la centolla austral <em>Lithodes santolla<\/em>.<\/p>\n<p style=\"text-align: justify;\">&nbsp;<\/p>\n<p style=\"text-align: justify;\"><strong>-Infraestrcutura:<\/strong><\/p>\n<ul style=\"text-align: justify;\">\n<li>3 c\u00e1maras de temperatura controlada de 28 m<sup>2<\/sup> cada una.<\/li>\n<li>Agua de mar filtrada y aireaci\u00f3n continua.<\/li>\n<li>Mesocosmos para pCO<sub>2<\/sub> e hipoxia y facilidades para 10 estudiantes\/investigadores y equipos de \u00faltima generaci\u00f3n.<\/li>\n<\/ul>\n<p style=\"text-align: justify;\">Al mismo tiempo el LECOFIC mantiene una red con investigadores de Alemania, Argentina, M\u00e9xico y nacionales que permite realizar investigaci\u00f3n conjunta.<\/p>\n","protected":false},"excerpt":{"rendered":"<p>Laboratorio de Ecofisiolog\u00eda de Crust\u00e1ceos &nbsp; En el Laboratorio de Ecofisiolog\u00eda de Crust\u00e1ceos es liderado por el&nbsp;Dr. Kurt Paschke y tiene por objetivo comprender el efecto de factores ambientales, tales como la temperatura, salinidad, y en el \u00faltimo tiempo especialmente &hellip; <a href=\"https:\/\/iacui.uach.cl\/?page_id=820\">Continue reading <span class=\"meta-nav\">&rarr;<\/span><\/a><\/p>\n","protected":false},"author":4,"featured_media":0,"parent":19,"menu_order":0,"comment_status":"closed","ping_status":"closed","template":"","meta":{"ngg_post_thumbnail":0,"footnotes":""},"class_list":["post-820","page","type-page","status-publish","hentry"],"_links":{"self":[{"href":"https:\/\/iacui.uach.cl\/index.php?rest_route=\/wp\/v2\/pages\/820"}],"collection":[{"href":"https:\/\/iacui.uach.cl\/index.php?rest_route=\/wp\/v2\/pages"}],"about":[{"href":"https:\/\/iacui.uach.cl\/index.php?rest_route=\/wp\/v2\/types\/page"}],"author":[{"embeddable":true,"href":"https:\/\/iacui.uach.cl\/index.php?rest_route=\/wp\/v2\/users\/4"}],"replies":[{"embeddable":true,"href":"https:\/\/iacui.uach.cl\/index.php?rest_route=%2Fwp%2Fv2%2Fcomments&post=820"}],"version-history":[{"count":4,"href":"https:\/\/iacui.uach.cl\/index.php?rest_route=\/wp\/v2\/pages\/820\/revisions"}],"predecessor-version":[{"id":1671,"href":"https:\/\/iacui.uach.cl\/index.php?rest_route=\/wp\/v2\/pages\/820\/revisions\/1671"}],"up":[{"embeddable":true,"href":"https:\/\/iacui.uach.cl\/index.php?rest_route=\/wp\/v2\/pages\/19"}],"wp:attachment":[{"href":"https:\/\/iacui.uach.cl\/index.php?rest_route=%2Fwp%2Fv2%2Fmedia&parent=820"}],"curies":[{"name":"wp","href":"https:\/\/api.w.org\/{rel}","templated":true}]}}