{"id":828,"date":"2019-01-11T17:48:05","date_gmt":"2019-01-11T17:48:05","guid":{"rendered":"http:\/\/iacui.uach.cl\/?page_id=828"},"modified":"2022-11-22T22:02:14","modified_gmt":"2022-11-22T22:02:14","slug":"programa-ip","status":"publish","type":"page","link":"https:\/\/iacui.uach.cl\/?page_id=828","title":{"rendered":"Programa IP"},"content":{"rendered":"<h4>Programa de Investigaci\u00f3n Pesquera<\/h4>\n<p><img loading=\"lazy\" decoding=\"async\" class=\"alignnone size-full wp-image-829\" src=\"https:\/\/iacui.uach.cl\/wp-content\/uploads\/2019\/01\/programa.jpg\" alt=\"programa\" width=\"540\" height=\"360\" srcset=\"https:\/\/iacui.uach.cl\/wp-content\/uploads\/2019\/01\/programa.jpg 540w, https:\/\/iacui.uach.cl\/wp-content\/uploads\/2019\/01\/programa-60x40.jpg 60w, https:\/\/iacui.uach.cl\/wp-content\/uploads\/2019\/01\/programa-130x87.jpg 130w\" sizes=\"(max-width: 540px) 100vw, 540px\" \/><\/p>\n<p style=\"text-align: justify;\">El Programa de Investigaci\u00f3n Pesquera de la Universidad Austral de Chile (UACh) se cre\u00f3 el a\u00f1o 2010,como una unidad de gesti\u00f3n de los proyectos \u201cFortalecimiento de capacidades regionales\u201d de INNOVA CORFO c\u00f3digo 06FC-01-IPC-39 y 06FC-01-IPC-40.<\/p>\n<p style=\"text-align: justify;\">Esta es una iniciativa regional que se basa en la extensa experiencia que investigadores de la Universidad Austral de Chile desarrollaron en la regi\u00f3n de Ays\u00e9n y de Los Lagos desde los a\u00f1os 1980s, por lo que busca ser un aporte para el manejo de las pesquer\u00edas del sur de Chile a trav\u00e9s de una fuerte vinculaci\u00f3n con el medio (pescadores artesanales, industria, autoridades).<\/p>\n<p style=\"text-align: justify;\">Esto a trav\u00e9s del desarrollo de investigaci\u00f3n cient\u00edfica en din\u00e1mica de las poblaciones explotadas por la pesca industrial, artesanal y deportiva en el sur de Chile y la transferencia del conocimiento.<\/p>\n<p style=\"text-align: justify;\">El programa est\u00e1 adscrito a la UACh Sede Puerto Montt y en el participan acad\u00e9micos del Instituto de Acuicultura y del Centro Trapananda, del Campus Patagonia de la UACh, con fuerte interacci\u00f3n con investigadores de la Universidad de Los Lagos y el Instituto de Fomento Pesquero, adem\u00e1s de otras instituciones.<\/p>\n<p style=\"text-align: justify;\">Se cuenta con equipamiento para la investigaci\u00f3n y la embarcaci\u00f3n \u201cDr. Jurgen Winter\u201d, en la que se realizan regularmente cruceros de investigaci\u00f3n. La embarcaci\u00f3n est\u00e1 equipada para la instalaci\u00f3n y operaci\u00f3n de equipos de pesca y exploraci\u00f3n submarina.<\/p>\n","protected":false},"excerpt":{"rendered":"<p>Programa de Investigaci\u00f3n Pesquera El Programa de Investigaci\u00f3n Pesquera de la Universidad Austral de Chile (UACh) se cre\u00f3 el a\u00f1o 2010,como una unidad de gesti\u00f3n de los proyectos \u201cFortalecimiento de capacidades regionales\u201d de INNOVA CORFO c\u00f3digo 06FC-01-IPC-39 y 06FC-01-IPC-40. Esta &hellip; <a href=\"https:\/\/iacui.uach.cl\/?page_id=828\">Continue reading <span class=\"meta-nav\">&rarr;<\/span><\/a><\/p>\n","protected":false},"author":4,"featured_media":0,"parent":19,"menu_order":0,"comment_status":"closed","ping_status":"closed","template":"","meta":{"ngg_post_thumbnail":0,"footnotes":""},"class_list":["post-828","page","type-page","status-publish","hentry"],"_links":{"self":[{"href":"https:\/\/iacui.uach.cl\/index.php?rest_route=\/wp\/v2\/pages\/828"}],"collection":[{"href":"https:\/\/iacui.uach.cl\/index.php?rest_route=\/wp\/v2\/pages"}],"about":[{"href":"https:\/\/iacui.uach.cl\/index.php?rest_route=\/wp\/v2\/types\/page"}],"author":[{"embeddable":true,"href":"https:\/\/iacui.uach.cl\/index.php?rest_route=\/wp\/v2\/users\/4"}],"replies":[{"embeddable":true,"href":"https:\/\/iacui.uach.cl\/index.php?rest_route=%2Fwp%2Fv2%2Fcomments&post=828"}],"version-history":[{"count":4,"href":"https:\/\/iacui.uach.cl\/index.php?rest_route=\/wp\/v2\/pages\/828\/revisions"}],"predecessor-version":[{"id":1674,"href":"https:\/\/iacui.uach.cl\/index.php?rest_route=\/wp\/v2\/pages\/828\/revisions\/1674"}],"up":[{"embeddable":true,"href":"https:\/\/iacui.uach.cl\/index.php?rest_route=\/wp\/v2\/pages\/19"}],"wp:attachment":[{"href":"https:\/\/iacui.uach.cl\/index.php?rest_route=%2Fwp%2Fv2%2Fmedia&parent=828"}],"curies":[{"name":"wp","href":"https:\/\/api.w.org\/{rel}","templated":true}]}}