{"id":832,"date":"2019-01-11T17:57:41","date_gmt":"2019-01-11T17:57:41","guid":{"rendered":"http:\/\/iacui.uach.cl\/?page_id=832"},"modified":"2022-11-22T22:01:19","modified_gmt":"2022-11-22T22:01:19","slug":"laboratorio-him","status":"publish","type":"page","link":"https:\/\/iacui.uach.cl\/?page_id=832","title":{"rendered":"Laboratorio HIM"},"content":{"rendered":"<h3 class=\"p1\">Laboratorio&nbsp;de&nbsp;Moluscos&nbsp; del&nbsp;Hatchery&nbsp;de Invertebrados Marinos (HIM-UACH)<\/h3>\n<p class=\"p1\"><img loading=\"lazy\" decoding=\"async\" class=\"alignnone size-full wp-image-833\" src=\"https:\/\/iacui.uach.cl\/wp-content\/uploads\/2019\/01\/him.jpg\" alt=\"him\" width=\"540\" height=\"360\" srcset=\"https:\/\/iacui.uach.cl\/wp-content\/uploads\/2019\/01\/him.jpg 540w, https:\/\/iacui.uach.cl\/wp-content\/uploads\/2019\/01\/him-60x40.jpg 60w, https:\/\/iacui.uach.cl\/wp-content\/uploads\/2019\/01\/him-130x87.jpg 130w\" sizes=\"(max-width: 540px) 100vw, 540px\" \/><\/p>\n<p class=\"p1\" style=\"text-align: justify;\">El Hatchery de Invertebrados Marinos (HIM) del Instituto de Acuicultura de la Universidad Austral de Chile Sede Puerto Montt, fue creada en el a\u00f1o 1997 y es una unidad que cuenta con permisos de unidad de cultivo en terreno privado para el cultivo de diversas especies hidrobiol\u00f3gicas, con registro de acuicultura N\u00ba 1540 (11 agosto 1999).<\/p>\n<p class=\"p1\" style=\"text-align: justify;\">Su l\u00ednea fundadora es el Laboratorio de Moluscos donde se realiza investigaci\u00f3n cient\u00edfica y tecnol\u00f3gica de aquellos aspectos que son cr\u00edticos y que frenan el escalamiento experimental al piloto e industrial de diferentes especies de moluscos de importancia para la diversificaci\u00f3n de la Acuicultura (ostiones, ostras, almejas, abal\u00f3n rojo, loco y pulpo).<\/p>\n<p class=\"p1\" style=\"text-align: justify;\">&nbsp;<\/p>\n<p class=\"p1\" style=\"text-align: justify;\"><strong>&#8211; Objetivos<\/strong><\/p>\n<p class=\"p1\" style=\"text-align: justify;\">Entre sus focos principales est\u00e1 el estudio de las larvas de moluscos, especialmente el desarrollo de tecnolog\u00eda de cultivo y estudio de los efectos ambientales en la ontogenia larvaria. El pulpo rojo patag\u00f3nico se ha logrado desarrollar en su ciclo de vida completo con avances especialmente en tolerancia t\u00e9rmica y nutrici\u00f3n.<\/p>\n<p class=\"p1\" style=\"text-align: justify;\">Otro de sus objetivos es la asesor\u00eda al sector privado en proyectos I&amp;D, unidad que lidera la Red Internacional de Ciclos de Vida Complejo, m\u00e1s conocido como N\u00facleo INLARVI, la cual forma parte de la red mexicana TEMPOXMAR.&nbsp;<\/p>\n","protected":false},"excerpt":{"rendered":"<p>Laboratorio&nbsp;de&nbsp;Moluscos&nbsp; del&nbsp;Hatchery&nbsp;de Invertebrados Marinos (HIM-UACH) El Hatchery de Invertebrados Marinos (HIM) del Instituto de Acuicultura de la Universidad Austral de Chile Sede Puerto Montt, fue creada en el a\u00f1o 1997 y es una unidad que cuenta con permisos de unidad &hellip; <a href=\"https:\/\/iacui.uach.cl\/?page_id=832\">Continue reading <span class=\"meta-nav\">&rarr;<\/span><\/a><\/p>\n","protected":false},"author":4,"featured_media":0,"parent":19,"menu_order":0,"comment_status":"closed","ping_status":"closed","template":"","meta":{"ngg_post_thumbnail":0,"footnotes":""},"class_list":["post-832","page","type-page","status-publish","hentry"],"_links":{"self":[{"href":"https:\/\/iacui.uach.cl\/index.php?rest_route=\/wp\/v2\/pages\/832"}],"collection":[{"href":"https:\/\/iacui.uach.cl\/index.php?rest_route=\/wp\/v2\/pages"}],"about":[{"href":"https:\/\/iacui.uach.cl\/index.php?rest_route=\/wp\/v2\/types\/page"}],"author":[{"embeddable":true,"href":"https:\/\/iacui.uach.cl\/index.php?rest_route=\/wp\/v2\/users\/4"}],"replies":[{"embeddable":true,"href":"https:\/\/iacui.uach.cl\/index.php?rest_route=%2Fwp%2Fv2%2Fcomments&post=832"}],"version-history":[{"count":6,"href":"https:\/\/iacui.uach.cl\/index.php?rest_route=\/wp\/v2\/pages\/832\/revisions"}],"predecessor-version":[{"id":1670,"href":"https:\/\/iacui.uach.cl\/index.php?rest_route=\/wp\/v2\/pages\/832\/revisions\/1670"}],"up":[{"embeddable":true,"href":"https:\/\/iacui.uach.cl\/index.php?rest_route=\/wp\/v2\/pages\/19"}],"wp:attachment":[{"href":"https:\/\/iacui.uach.cl\/index.php?rest_route=%2Fwp%2Fv2%2Fmedia&parent=832"}],"curies":[{"name":"wp","href":"https:\/\/api.w.org\/{rel}","templated":true}]}}