{"id":836,"date":"2019-01-15T17:56:50","date_gmt":"2019-01-15T17:56:50","guid":{"rendered":"http:\/\/iacui.uach.cl\/?page_id=836"},"modified":"2022-11-23T00:46:34","modified_gmt":"2022-11-23T00:46:34","slug":"laboratorio-ob","status":"publish","type":"page","link":"https:\/\/iacui.uach.cl\/?page_id=836","title":{"rendered":"Laboratorio OB"},"content":{"rendered":"<h4 style=\"text-align: justify;\">Laboratorio de Oceanograf\u00eda Biol\u00f3gica<\/h4>\n<p style=\"text-align: justify;\">Actualmente se ejecutan proyectos de investigaci\u00f3n el fiordos-glaciares de la Patagonia (Seno Ballena) y de la Antartica (Bah\u00eda Maxwell &amp; Bah\u00eda South). Las investigaciones del grupo se ha focalizado en el rol de procesos clim\u00e1ticos (temperatura, vientos), de la criosfera (congelamiento\/derretimiento de hielo) y oceanogr\u00e1ficos (estratificaci\u00f3n) sobre la producci\u00f3n primaria, floraciones algales novivas, sistema de carbonato y flujo de CO<sub>2<\/sub> oc\u00e9ano-atm\u00f3sfera en \u00e1reas vulnerables al cambio clim\u00e1tico.<\/p>\n<p style=\"text-align: justify;\">El grupo de trabajo consta de 5 estudiantes de postgrado asociados a este laboratorio:<\/p>\n<p style=\"text-align: justify;\">&#8211; <strong>Maximiliano Vergara<\/strong>: Doctorado en Ciencias de la Acuicultura, UACh. <em>Balance de Carbono y sistema de carbonato en un fiordo influencia por agua dulce desde r\u00edos<\/em>.<\/p>\n<p style=\"text-align: justify;\">&#8211; <strong>Marco Pinto<\/strong>: Doctorado en Ciencias de la Acuicultura, UACh: <em>Entendiendo la din\u00e1mica y composici\u00f3n de las diatomeas nocivas en la Regi\u00f3n de Magallanes<\/em>.<\/p>\n<p style=\"text-align: justify;\">&#8211; <strong>Vania Carrera<\/strong>: Magister en Oceanograf\u00eda, UdeC: <em>Rol de viento en la estratificaci\u00f3n del oc\u00e9ano costero en el crecimiento fitoplanct\u00f3nico durante verano <\/em><\/p>\n<p style=\"text-align: justify;\">&#8211; <strong>Jurleys Vellojin<\/strong>: Doctorado en Ciencias de la Acuicultura, UACh: <em>Entendiendo la din\u00e1mica del sistema de carbonato en fiordo-glaciares y su efecto en la fisiolog\u00eda de crust\u00e1ceos.<\/em><\/p>\n<p style=\"text-align: justify;\"><strong>&#8211;&nbsp;Laura Latorre<\/strong>: Magister en Oceanograf\u00eda, UdeC: <em>Son las condiciones de invierno (baja temperatura y disminuci\u00f3n de luz) propicias para el crecimiento de diatomeas Ant\u00e1rticas?<\/em><\/p>\n","protected":false},"excerpt":{"rendered":"<p>Laboratorio de Oceanograf\u00eda Biol\u00f3gica Actualmente se ejecutan proyectos de investigaci\u00f3n el fiordos-glaciares de la Patagonia (Seno Ballena) y de la Antartica (Bah\u00eda Maxwell &amp; Bah\u00eda South). Las investigaciones del grupo se ha focalizado en el rol de procesos clim\u00e1ticos (temperatura, &hellip; <a href=\"https:\/\/iacui.uach.cl\/?page_id=836\">Continue reading <span class=\"meta-nav\">&rarr;<\/span><\/a><\/p>\n","protected":false},"author":4,"featured_media":0,"parent":0,"menu_order":0,"comment_status":"closed","ping_status":"closed","template":"","meta":{"ngg_post_thumbnail":0,"footnotes":""},"class_list":["post-836","page","type-page","status-publish","hentry"],"_links":{"self":[{"href":"https:\/\/iacui.uach.cl\/index.php?rest_route=\/wp\/v2\/pages\/836"}],"collection":[{"href":"https:\/\/iacui.uach.cl\/index.php?rest_route=\/wp\/v2\/pages"}],"about":[{"href":"https:\/\/iacui.uach.cl\/index.php?rest_route=\/wp\/v2\/types\/page"}],"author":[{"embeddable":true,"href":"https:\/\/iacui.uach.cl\/index.php?rest_route=\/wp\/v2\/users\/4"}],"replies":[{"embeddable":true,"href":"https:\/\/iacui.uach.cl\/index.php?rest_route=%2Fwp%2Fv2%2Fcomments&post=836"}],"version-history":[{"count":2,"href":"https:\/\/iacui.uach.cl\/index.php?rest_route=\/wp\/v2\/pages\/836\/revisions"}],"predecessor-version":[{"id":1693,"href":"https:\/\/iacui.uach.cl\/index.php?rest_route=\/wp\/v2\/pages\/836\/revisions\/1693"}],"wp:attachment":[{"href":"https:\/\/iacui.uach.cl\/index.php?rest_route=%2Fwp%2Fv2%2Fmedia&parent=836"}],"curies":[{"name":"wp","href":"https:\/\/api.w.org\/{rel}","templated":true}]}}